{"id":1015,"date":"2021-12-27T00:01:53","date_gmt":"2021-12-27T00:01:53","guid":{"rendered":"https:\/\/microbac.danielamaissi.tech\/?page_id=1015"},"modified":"2022-11-08T13:05:55","modified_gmt":"2022-11-08T13:05:55","slug":"autoinmunidad","status":"publish","type":"page","link":"https:\/\/www.microbac.cl\/english\/autoinmunidad\/","title":{"rendered":"Autoinmunidad"},"content":{"rendered":"\t\t<div data-elementor-type=\"wp-page\" data-elementor-id=\"1015\" class=\"elementor elementor-1015\" data-elementor-settings=\"{&quot;ha_cmc_init_switcher&quot;:&quot;no&quot;}\">\n\t\t\t\t\t\t<section class=\"elementor-section elementor-top-section elementor-element elementor-element-9f05aaa elementor-section-full_width elementor-section-height-min-height section-contenedor elementor-section-height-default elementor-section-items-middle\" data-id=\"9f05aaa\" data-element_type=\"section\" data-e-type=\"section\" data-settings=\"{&quot;background_background&quot;:&quot;classic&quot;,&quot;_ha_eqh_enable&quot;:false}\">\n\t\t\t\t\t\t<div class=\"elementor-container elementor-column-gap-default\">\n\t\t\t\t\t<div class=\"elementor-column elementor-col-100 elementor-top-column elementor-element elementor-element-704c8b8\" data-id=\"704c8b8\" data-element_type=\"column\" data-e-type=\"column\">\n\t\t\t<div class=\"elementor-widget-wrap elementor-element-populated\">\n\t\t\t\t\t\t<section class=\"elementor-section elementor-inner-section elementor-element elementor-element-e6f3f03 elementor-section-boxed elementor-section-height-default elementor-section-height-default\" data-id=\"e6f3f03\" data-element_type=\"section\" data-e-type=\"section\" data-settings=\"{&quot;_ha_eqh_enable&quot;:false}\">\n\t\t\t\t\t\t<div class=\"elementor-container elementor-column-gap-default\">\n\t\t\t\t\t<div class=\"elementor-column elementor-col-100 elementor-inner-column elementor-element elementor-element-a190017\" data-id=\"a190017\" data-element_type=\"column\" data-e-type=\"column\">\n\t\t\t<div class=\"elementor-widget-wrap elementor-element-populated\">\n\t\t\t\t\t\t<div class=\"elementor-element elementor-element-45f12da elementor-widget elementor-widget-heading\" data-id=\"45f12da\" data-element_type=\"widget\" data-e-type=\"widget\" data-widget_type=\"heading.default\">\n\t\t\t\t<div class=\"elementor-widget-container\">\n\t\t\t\t\t<h2 class=\"elementor-heading-title elementor-size-default\">Autoinmunidad<\/h2>\t\t\t\t<\/div>\n\t\t\t\t<\/div>\n\t\t\t\t\t<\/div>\n\t\t<\/div>\n\t\t\t\t\t<\/div>\n\t\t<\/section>\n\t\t\t\t\t<\/div>\n\t\t<\/div>\n\t\t\t\t\t<\/div>\n\t\t<\/section>\n\t\t\t\t<section class=\"elementor-section elementor-top-section elementor-element elementor-element-f805715 section-contenedor elementor-section-boxed elementor-section-height-default elementor-section-height-default\" data-id=\"f805715\" data-element_type=\"section\" data-e-type=\"section\" data-settings=\"{&quot;_ha_eqh_enable&quot;:false}\">\n\t\t\t\t\t\t<div class=\"elementor-container elementor-column-gap-default\">\n\t\t\t\t\t<div class=\"elementor-column elementor-col-100 elementor-top-column elementor-element elementor-element-9797962\" data-id=\"9797962\" data-element_type=\"column\" data-e-type=\"column\">\n\t\t\t<div class=\"elementor-widget-wrap elementor-element-populated\">\n\t\t\t\t\t\t<div class=\"elementor-element elementor-element-7a4a01a custom-bread elementor-widget elementor-widget-wp-widget-bcn_widget\" data-id=\"7a4a01a\" data-element_type=\"widget\" data-e-type=\"widget\" data-widget_type=\"wp-widget-bcn_widget.default\">\n\t\t\t\t<div class=\"elementor-widget-container\">\n\t\t\t\t\t<span property=\"itemListElement\" typeof=\"ListItem\"><a property=\"item\" typeof=\"WebPage\" title=\"Ir a Microbac.\" href=\"https:\/\/www.microbac.cl\/english\" class=\"home\" aria-current=\"page\"><span property=\"name\">Microbac<\/span><\/a><meta property=\"position\" content=\"1\"><\/span>\t\t\t\t<\/div>\n\t\t\t\t<\/div>\n\t\t\t\t\t<\/div>\n\t\t<\/div>\n\t\t\t\t\t<\/div>\n\t\t<\/section>\n\t\t\t\t<section class=\"elementor-section elementor-top-section elementor-element elementor-element-ef8be44 section-contenedor elementor-section-boxed elementor-section-height-default elementor-section-height-default\" data-id=\"ef8be44\" data-element_type=\"section\" data-e-type=\"section\" data-settings=\"{&quot;_ha_eqh_enable&quot;:false}\">\n\t\t\t\t\t\t<div class=\"elementor-container elementor-column-gap-default\">\n\t\t\t\t\t<div class=\"elementor-column elementor-col-50 elementor-top-column elementor-element elementor-element-b3d583b\" data-id=\"b3d583b\" data-element_type=\"column\" data-e-type=\"column\">\n\t\t\t<div class=\"elementor-widget-wrap elementor-element-populated\">\n\t\t\t\t\t\t<div class=\"elementor-element elementor-element-77d67f1 elementor-widget elementor-widget-text-editor\" data-id=\"77d67f1\" data-element_type=\"widget\" data-e-type=\"widget\" data-widget_type=\"text-editor.default\">\n\t\t\t\t<div class=\"elementor-widget-container\">\n\t\t\t\t\t\t\t\t\t<p>Una de las propiedades fundamentales del sistema inmune radica en la capacidad de discriminar entre ant\u00edgenos propios y no propios. Cuando se pierde esta autotolerancia se producen reacciones inmunes contra los ant\u00edgenos propios, denominadas com\u00fanmente reacciones de autoinmunidad, que derivan en las enfermedades autoinmunes.<\/p>\n<p>Estas enfermedades se caracterizan por la producci\u00f3n espont\u00e1nea de anticuerpos dirigidos contra ant\u00edgenos propios. Se han identificado numerosos autoanticuerpos de los cuales solo unos pocos son importantes desde el punto de vista cl\u00ednico, afectando del 3% al 5% de nuestra poblaci\u00f3n general con una etiolog\u00eda multifactorial que llevan al desarrollo de una enfermedad de tipo cr\u00f3nica.<\/p>\n<p>A lo largo de nuestra trayectoria, nos hemos preocupado de ofrecer soluciones que signifiquen un aporte al diagn\u00f3stico y seguimiento de estas enfermedades autoinmunes.<\/p>\n<p>Nos hemos mantenido atentos a los avances tecnol\u00f3gicos del mercado internacional, en constante b\u00fasqueda de aquellas soluciones, metodolog\u00edas o instrumentos que se ajusten a las necesidades de nuestros clientes. Es por esto, que dentro de nuestro portafolio de productos ofrecemos distintas opciones de diagn\u00f3stico; ELISA, Quimioluminiscencia, tanto en formatos manuales como automatizados.<\/p>\n\t\t\t\t\t\t\t\t<\/div>\n\t\t\t\t<\/div>\n\t\t\t\t\t<\/div>\n\t\t<\/div>\n\t\t\t\t<div class=\"elementor-column elementor-col-50 elementor-top-column elementor-element elementor-element-6a451bd\" data-id=\"6a451bd\" data-element_type=\"column\" data-e-type=\"column\">\n\t\t\t<div class=\"elementor-widget-wrap elementor-element-populated\">\n\t\t\t\t\t\t<div class=\"elementor-element elementor-element-eb9b03a premium-woo-product-align-left lista-productos premium-qv-hidden-yes elementor-widget elementor-widget-premium-woo-products\" data-id=\"eb9b03a\" data-element_type=\"widget\" data-e-type=\"widget\" data-widget_type=\"premium-woo-products.grid-1\">\n\t\t\t\t<div class=\"elementor-widget-container\">\n\t\t\t\t\t<div class=\"premium-woocommerce premium-woo-products-grid premium-woo-skin-grid-1 premium-woo-query-custom\" data-page-id=\"1015\" data-skin=\"grid_1\" data-quick-view=\"\"><div class=\"premium-woo-products-inner premium-woo-product__hover-swap\"><ul class=\"products columns-1\">\n\n<li class=\" post-3287 product first instock shipping-taxable product-type-simple\">\n\t<div class=\"premium-woo-product-wrapper premium-con-lq__none\">\n\t\t<div class=\"premium-woo-product-thumbnail\"><a href=\"https:\/\/www.microbac.cl\/english\/producto\/orgentec-alegria-2-en\/\" class=\"woocommerce-LoopProduct-link woocommerce-loop-product__link\"><\/a><\/div><div class=\"premium-woo-products-details-wrap\"><a href=\"https:\/\/www.microbac.cl\/english\/producto\/orgentec-alegria-2-en\/\" class=\"premium-woo-product__link\"><h2 class=\"woocommerce-loop-product__title\">Orgentec Alegria\u00ae 2<\/h2><\/a><\/div>\t<\/div>\n<\/li>\n\n<li class=\" post-3291 product first instock shipping-taxable product-type-simple\">\n\t<div class=\"premium-woo-product-wrapper premium-con-lq__none\">\n\t\t<div class=\"premium-woo-product-thumbnail\"><a href=\"https:\/\/www.microbac.cl\/english\/producto\/orgentec-alegria-1-en\/\" class=\"woocommerce-LoopProduct-link woocommerce-loop-product__link\"><\/a><\/div><div class=\"premium-woo-products-details-wrap\"><a href=\"https:\/\/www.microbac.cl\/english\/producto\/orgentec-alegria-1-en\/\" class=\"premium-woo-product__link\"><h2 class=\"woocommerce-loop-product__title\">Orgentec Alegria\u00ae 1<\/h2><\/a><\/div>\t<\/div>\n<\/li>\n\n<li class=\" post-469 product first instock shipping-taxable product-type-simple\">\n\t<div class=\"premium-woo-product-wrapper premium-con-lq__none\">\n\t\t<div class=\"premium-woo-product-thumbnail\"><a href=\"https:\/\/www.microbac.cl\/english\/producto\/immunofluorescence\/\" class=\"woocommerce-LoopProduct-link woocommerce-loop-product__link\"><\/a><\/div><div class=\"premium-woo-products-details-wrap\"><a href=\"https:\/\/www.microbac.cl\/english\/producto\/immunofluorescence\/\" class=\"premium-woo-product__link\"><h2 class=\"woocommerce-loop-product__title\">Immunofluorescence<\/h2><\/a><\/div>\t<\/div>\n<\/li>\n<\/ul>\n<\/div><\/div>\t\t\t\t<\/div>\n\t\t\t\t<\/div>\n\t\t\t\t\t<\/div>\n\t\t<\/div>\n\t\t\t\t\t<\/div>\n\t\t<\/section>\n\t\t\t\t<\/div>\n\t\t","protected":false},"excerpt":{"rendered":"<p>Orgentec Alegria\u00ae 2 Orgentec Alegria\u00ae Inmunofluorescencia IDS-iSYS<\/p>\n","protected":false},"author":1,"featured_media":0,"parent":0,"menu_order":0,"comment_status":"closed","ping_status":"closed","template":"elementor_header_footer","meta":{"_acf_changed":false,"_uf_show_specific_survey":0,"_uf_disable_surveys":false,"footnotes":""},"class_list":["post-1015","page","type-page","status-publish","hentry"],"acf":[],"aioseo_notices":[],"_links":{"self":[{"href":"https:\/\/www.microbac.cl\/english\/wp-json\/wp\/v2\/pages\/1015","targetHints":{"allow":["GET"]}}],"collection":[{"href":"https:\/\/www.microbac.cl\/english\/wp-json\/wp\/v2\/pages"}],"about":[{"href":"https:\/\/www.microbac.cl\/english\/wp-json\/wp\/v2\/types\/page"}],"author":[{"embeddable":true,"href":"https:\/\/www.microbac.cl\/english\/wp-json\/wp\/v2\/users\/1"}],"replies":[{"embeddable":true,"href":"https:\/\/www.microbac.cl\/english\/wp-json\/wp\/v2\/comments?post=1015"}],"version-history":[{"count":0,"href":"https:\/\/www.microbac.cl\/english\/wp-json\/wp\/v2\/pages\/1015\/revisions"}],"wp:attachment":[{"href":"https:\/\/www.microbac.cl\/english\/wp-json\/wp\/v2\/media?parent=1015"}],"curies":[{"name":"wp","href":"https:\/\/api.w.org\/{rel}","templated":true}]}}