{"id":1069,"date":"2021-12-27T10:07:50","date_gmt":"2021-12-27T10:07:50","guid":{"rendered":"https:\/\/microbac.danielamaissi.tech\/?page_id=1069"},"modified":"2022-03-30T15:15:58","modified_gmt":"2022-03-30T15:15:58","slug":"biologia-molecular","status":"publish","type":"page","link":"https:\/\/www.microbac.cl\/english\/biologia-molecular\/","title":{"rendered":"Biolog\u00eda Molecular"},"content":{"rendered":"\t\t<div data-elementor-type=\"wp-page\" data-elementor-id=\"1069\" class=\"elementor elementor-1069\" data-elementor-settings=\"{&quot;ha_cmc_init_switcher&quot;:&quot;no&quot;}\">\n\t\t\t\t\t\t<section class=\"elementor-section elementor-top-section elementor-element elementor-element-9f05aaa elementor-section-full_width elementor-section-height-min-height section-contenedor elementor-section-height-default elementor-section-items-middle\" data-id=\"9f05aaa\" data-element_type=\"section\" data-e-type=\"section\" data-settings=\"{&quot;background_background&quot;:&quot;classic&quot;,&quot;_ha_eqh_enable&quot;:false}\">\n\t\t\t\t\t\t<div class=\"elementor-container elementor-column-gap-default\">\n\t\t\t\t\t<div class=\"elementor-column elementor-col-100 elementor-top-column elementor-element elementor-element-704c8b8\" data-id=\"704c8b8\" data-element_type=\"column\" data-e-type=\"column\">\n\t\t\t<div class=\"elementor-widget-wrap elementor-element-populated\">\n\t\t\t\t\t\t<section class=\"elementor-section elementor-inner-section elementor-element elementor-element-e6f3f03 elementor-section-boxed elementor-section-height-default elementor-section-height-default\" data-id=\"e6f3f03\" data-element_type=\"section\" data-e-type=\"section\" data-settings=\"{&quot;_ha_eqh_enable&quot;:false}\">\n\t\t\t\t\t\t<div class=\"elementor-container elementor-column-gap-default\">\n\t\t\t\t\t<div class=\"elementor-column elementor-col-100 elementor-inner-column elementor-element elementor-element-a190017\" data-id=\"a190017\" data-element_type=\"column\" data-e-type=\"column\">\n\t\t\t<div class=\"elementor-widget-wrap elementor-element-populated\">\n\t\t\t\t\t\t<div class=\"elementor-element elementor-element-45f12da elementor-widget elementor-widget-heading\" data-id=\"45f12da\" data-element_type=\"widget\" data-e-type=\"widget\" data-widget_type=\"heading.default\">\n\t\t\t\t<div class=\"elementor-widget-container\">\n\t\t\t\t\t<h2 class=\"elementor-heading-title elementor-size-default\">Biolog\u00eda Molecular<\/h2>\t\t\t\t<\/div>\n\t\t\t\t<\/div>\n\t\t\t\t\t<\/div>\n\t\t<\/div>\n\t\t\t\t\t<\/div>\n\t\t<\/section>\n\t\t\t\t\t<\/div>\n\t\t<\/div>\n\t\t\t\t\t<\/div>\n\t\t<\/section>\n\t\t\t\t<section class=\"elementor-section elementor-top-section elementor-element elementor-element-f805715 section-contenedor elementor-section-boxed elementor-section-height-default elementor-section-height-default\" data-id=\"f805715\" data-element_type=\"section\" data-e-type=\"section\" data-settings=\"{&quot;_ha_eqh_enable&quot;:false}\">\n\t\t\t\t\t\t<div class=\"elementor-container elementor-column-gap-default\">\n\t\t\t\t\t<div class=\"elementor-column elementor-col-100 elementor-top-column elementor-element elementor-element-9797962\" data-id=\"9797962\" data-element_type=\"column\" data-e-type=\"column\">\n\t\t\t<div class=\"elementor-widget-wrap elementor-element-populated\">\n\t\t\t\t\t\t<div class=\"elementor-element elementor-element-7a4a01a custom-bread elementor-widget elementor-widget-wp-widget-bcn_widget\" data-id=\"7a4a01a\" data-element_type=\"widget\" data-e-type=\"widget\" data-widget_type=\"wp-widget-bcn_widget.default\">\n\t\t\t\t<div class=\"elementor-widget-container\">\n\t\t\t\t\t<span property=\"itemListElement\" typeof=\"ListItem\"><a property=\"item\" typeof=\"WebPage\" title=\"Ir a Microbac.\" href=\"https:\/\/www.microbac.cl\/english\" class=\"home\" aria-current=\"page\"><span property=\"name\">Microbac<\/span><\/a><meta property=\"position\" content=\"1\"><\/span>\t\t\t\t<\/div>\n\t\t\t\t<\/div>\n\t\t\t\t\t<\/div>\n\t\t<\/div>\n\t\t\t\t\t<\/div>\n\t\t<\/section>\n\t\t\t\t<section class=\"elementor-section elementor-top-section elementor-element elementor-element-ef8be44 section-contenedor elementor-section-boxed elementor-section-height-default elementor-section-height-default\" data-id=\"ef8be44\" data-element_type=\"section\" data-e-type=\"section\" data-settings=\"{&quot;_ha_eqh_enable&quot;:false}\">\n\t\t\t\t\t\t<div class=\"elementor-container elementor-column-gap-default\">\n\t\t\t\t\t<div class=\"elementor-column elementor-col-50 elementor-top-column elementor-element elementor-element-b3d583b\" data-id=\"b3d583b\" data-element_type=\"column\" data-e-type=\"column\">\n\t\t\t<div class=\"elementor-widget-wrap elementor-element-populated\">\n\t\t\t\t\t\t<div class=\"elementor-element elementor-element-77d67f1 elementor-widget elementor-widget-text-editor\" data-id=\"77d67f1\" data-element_type=\"widget\" data-e-type=\"widget\" data-widget_type=\"text-editor.default\">\n\t\t\t\t<div class=\"elementor-widget-container\">\n\t\t\t\t\t\t\t\t\t<p>El diagn\u00f3stico molecular es un \u00e1rea din\u00e1mica en constante desarrollo que ha revolucionado el diagn\u00f3stico cl\u00ednico. La detecci\u00f3n y cuantificaci\u00f3n espec\u00edfica de material gen\u00e9tico en una muestra biol\u00f3gica ha mostrado un significativo impacto en todas las \u00e1reas de la salud, sobre todo en las \u00e1reas de las enfermedades infecciosas y el c\u00e1ncer. El desarrollo de nuevas tecnolog\u00edas, m\u00e1s r\u00e1pidas y precisas, ha transformado al diagn\u00f3stico molecular en una herramienta clave para el equipo cl\u00ednico en directo beneficio del paciente. La gran sensibilidad y especificidad de la t\u00e9cnica de PCR permite diagnosticar, de forma precoz, los agentes infecciosos o tumores y monitorear la progresi\u00f3n de la enfermedad y la respuesta al tratamiento.<\/p>\n<p>Con el surgimiento del SARS-CoV-2, la biolog\u00eda molecular ha tomado una gran relevancia, siendo la tecnolog\u00eda de elecci\u00f3n para su diagn\u00f3stico y teniendo alcance a nivel mundial. De la mano de todo este crecimiento y desarrollo, es que surgen variadas tecnolog\u00edas y formatos que utilizan la detecci\u00f3n molecular para el diagn\u00f3stico de este y otros virus, conform\u00e1ndose un mercado altamente competitivo y con m\u00faltiples opciones. En Microbac hemos sabido entender los cambios de este mercado, adapt\u00e1ndonos mediante la selecci\u00f3n de aquellas opciones que satisfagan las necesidades de nuestros clientes y que proporcionen una soluci\u00f3n confiable a nuestros pacientes.<\/p>\n<p>Es en este contexto, que nuestras soluciones diagn\u00f3sticas de biolog\u00eda molecular son variadas y apuntan a las diferentes necesidades del laboratorio cl\u00ednico.<\/p>\n\t\t\t\t\t\t\t\t<\/div>\n\t\t\t\t<\/div>\n\t\t\t\t\t<\/div>\n\t\t<\/div>\n\t\t\t\t<div class=\"elementor-column elementor-col-50 elementor-top-column elementor-element elementor-element-6a451bd\" data-id=\"6a451bd\" data-element_type=\"column\" data-e-type=\"column\">\n\t\t\t<div class=\"elementor-widget-wrap elementor-element-populated\">\n\t\t\t\t\t\t<div class=\"elementor-element elementor-element-eb9b03a premium-woo-product-align-left lista-productos premium-qv-hidden-yes elementor-widget elementor-widget-premium-woo-products\" data-id=\"eb9b03a\" data-element_type=\"widget\" data-e-type=\"widget\" data-widget_type=\"premium-woo-products.grid-1\">\n\t\t\t\t<div class=\"elementor-widget-container\">\n\t\t\t\t\t<div class=\"premium-woocommerce premium-woo-products-grid premium-woo-skin-grid-1 premium-woo-query-custom\" data-page-id=\"1069\" data-skin=\"grid_1\" data-quick-view=\"\"><div class=\"premium-woo-products-inner premium-woo-product__hover-swap\"><ul class=\"products columns-1\">\n\n<li class=\" post-3301 product first instock shipping-taxable product-type-simple\">\n\t<div class=\"premium-woo-product-wrapper premium-con-lq__none\">\n\t\t<div class=\"premium-woo-product-thumbnail\"><a href=\"https:\/\/www.microbac.cl\/english\/producto\/kits-de-amplificacion-elitech-group-en\/\" class=\"woocommerce-LoopProduct-link woocommerce-loop-product__link\"><\/a><\/div><div class=\"premium-woo-products-details-wrap\"><a href=\"https:\/\/www.microbac.cl\/english\/producto\/kits-de-amplificacion-elitech-group-en\/\" class=\"premium-woo-product__link\"><h2 class=\"woocommerce-loop-product__title\">ELITEch Group Amplification Kits<\/h2><\/a><\/div>\t<\/div>\n<\/li>\n\n<li class=\" post-3302 product first instock shipping-taxable product-type-simple\">\n\t<div class=\"premium-woo-product-wrapper premium-con-lq__none\">\n\t\t<div class=\"premium-woo-product-thumbnail\"><a href=\"https:\/\/www.microbac.cl\/english\/producto\/kits-de-amplificacion-r-biopharm-en\/\" class=\"woocommerce-LoopProduct-link woocommerce-loop-product__link\"><\/a><\/div><div class=\"premium-woo-products-details-wrap\"><a href=\"https:\/\/www.microbac.cl\/english\/producto\/kits-de-amplificacion-r-biopharm-en\/\" class=\"premium-woo-product__link\"><h2 class=\"woocommerce-loop-product__title\">r-Biopharm Amplification Kits<\/h2><\/a><\/div>\t<\/div>\n<\/li>\n\n<li class=\" post-3315 product first instock shipping-taxable product-type-simple\">\n\t<div class=\"premium-woo-product-wrapper premium-con-lq__none\">\n\t\t<div class=\"premium-woo-product-thumbnail\"><a href=\"https:\/\/www.microbac.cl\/english\/producto\/ridacycler-en\/\" class=\"woocommerce-LoopProduct-link woocommerce-loop-product__link\"><\/a><\/div><div class=\"premium-woo-products-details-wrap\"><a href=\"https:\/\/www.microbac.cl\/english\/producto\/ridacycler-en\/\" class=\"premium-woo-product__link\"><h2 class=\"woocommerce-loop-product__title\">RIDA\u00aeCYCLER<\/h2><\/a><\/div>\t<\/div>\n<\/li>\n\n<li class=\" post-3316 product first instock shipping-taxable product-type-simple\">\n\t<div class=\"premium-woo-product-wrapper premium-con-lq__none\">\n\t\t<div class=\"premium-woo-product-thumbnail\"><a href=\"https:\/\/www.microbac.cl\/english\/producto\/elite-ingenius-en\/\" class=\"woocommerce-LoopProduct-link woocommerce-loop-product__link\"><\/a><\/div><div class=\"premium-woo-products-details-wrap\"><a href=\"https:\/\/www.microbac.cl\/english\/producto\/elite-ingenius-en\/\" class=\"premium-woo-product__link\"><h2 class=\"woocommerce-loop-product__title\">ELITe InGenius\u00ae<\/h2><\/a><\/div>\t<\/div>\n<\/li>\n<\/ul>\n<\/div><\/div>\t\t\t\t<\/div>\n\t\t\t\t<\/div>\n\t\t\t\t\t<\/div>\n\t\t<\/div>\n\t\t\t\t\t<\/div>\n\t\t<\/section>\n\t\t\t\t<\/div>\n\t\t","protected":false},"excerpt":{"rendered":"","protected":false},"author":1,"featured_media":0,"parent":0,"menu_order":0,"comment_status":"closed","ping_status":"closed","template":"elementor_header_footer","meta":{"_acf_changed":false,"_uf_show_specific_survey":0,"_uf_disable_surveys":false,"footnotes":""},"class_list":["post-1069","page","type-page","status-publish","hentry"],"acf":[],"aioseo_notices":[],"_links":{"self":[{"href":"https:\/\/www.microbac.cl\/english\/wp-json\/wp\/v2\/pages\/1069","targetHints":{"allow":["GET"]}}],"collection":[{"href":"https:\/\/www.microbac.cl\/english\/wp-json\/wp\/v2\/pages"}],"about":[{"href":"https:\/\/www.microbac.cl\/english\/wp-json\/wp\/v2\/types\/page"}],"author":[{"embeddable":true,"href":"https:\/\/www.microbac.cl\/english\/wp-json\/wp\/v2\/users\/1"}],"replies":[{"embeddable":true,"href":"https:\/\/www.microbac.cl\/english\/wp-json\/wp\/v2\/comments?post=1069"}],"version-history":[{"count":0,"href":"https:\/\/www.microbac.cl\/english\/wp-json\/wp\/v2\/pages\/1069\/revisions"}],"wp:attachment":[{"href":"https:\/\/www.microbac.cl\/english\/wp-json\/wp\/v2\/media?parent=1069"}],"curies":[{"name":"wp","href":"https:\/\/api.w.org\/{rel}","templated":true}]}}