{"id":1082,"date":"2021-12-27T10:15:18","date_gmt":"2021-12-27T10:15:18","guid":{"rendered":"https:\/\/microbac.danielamaissi.tech\/?page_id=1082"},"modified":"2022-03-30T15:17:30","modified_gmt":"2022-03-30T15:17:30","slug":"test-inmunocromatograficos","status":"publish","type":"page","link":"https:\/\/www.microbac.cl\/english\/test-inmunocromatograficos\/","title":{"rendered":"Test Inmunocromatogr\u00e1ficos"},"content":{"rendered":"\t\t<div data-elementor-type=\"wp-page\" data-elementor-id=\"1082\" class=\"elementor elementor-1082\" data-elementor-settings=\"{&quot;ha_cmc_init_switcher&quot;:&quot;no&quot;}\">\n\t\t\t\t\t\t<section class=\"elementor-section elementor-top-section elementor-element elementor-element-9f05aaa elementor-section-full_width elementor-section-height-min-height section-contenedor elementor-section-height-default elementor-section-items-middle\" data-id=\"9f05aaa\" data-element_type=\"section\" data-e-type=\"section\" data-settings=\"{&quot;background_background&quot;:&quot;classic&quot;,&quot;_ha_eqh_enable&quot;:false}\">\n\t\t\t\t\t\t<div class=\"elementor-container elementor-column-gap-default\">\n\t\t\t\t\t<div class=\"elementor-column elementor-col-100 elementor-top-column elementor-element elementor-element-704c8b8\" data-id=\"704c8b8\" data-element_type=\"column\" data-e-type=\"column\">\n\t\t\t<div class=\"elementor-widget-wrap elementor-element-populated\">\n\t\t\t\t\t\t<section class=\"elementor-section elementor-inner-section elementor-element elementor-element-e6f3f03 elementor-section-boxed elementor-section-height-default elementor-section-height-default\" data-id=\"e6f3f03\" data-element_type=\"section\" data-e-type=\"section\" data-settings=\"{&quot;_ha_eqh_enable&quot;:false}\">\n\t\t\t\t\t\t<div class=\"elementor-container elementor-column-gap-default\">\n\t\t\t\t\t<div class=\"elementor-column elementor-col-100 elementor-inner-column elementor-element elementor-element-a190017\" data-id=\"a190017\" data-element_type=\"column\" data-e-type=\"column\">\n\t\t\t<div class=\"elementor-widget-wrap elementor-element-populated\">\n\t\t\t\t\t\t<div class=\"elementor-element elementor-element-45f12da elementor-widget elementor-widget-heading\" data-id=\"45f12da\" data-element_type=\"widget\" data-e-type=\"widget\" data-widget_type=\"heading.default\">\n\t\t\t\t<div class=\"elementor-widget-container\">\n\t\t\t\t\t<h2 class=\"elementor-heading-title elementor-size-default\">Test Inmunocromatogr\u00e1ficos<\/h2>\t\t\t\t<\/div>\n\t\t\t\t<\/div>\n\t\t\t\t\t<\/div>\n\t\t<\/div>\n\t\t\t\t\t<\/div>\n\t\t<\/section>\n\t\t\t\t\t<\/div>\n\t\t<\/div>\n\t\t\t\t\t<\/div>\n\t\t<\/section>\n\t\t\t\t<section class=\"elementor-section elementor-top-section elementor-element elementor-element-f805715 section-contenedor elementor-section-boxed elementor-section-height-default elementor-section-height-default\" data-id=\"f805715\" data-element_type=\"section\" data-e-type=\"section\" data-settings=\"{&quot;_ha_eqh_enable&quot;:false}\">\n\t\t\t\t\t\t<div class=\"elementor-container elementor-column-gap-default\">\n\t\t\t\t\t<div class=\"elementor-column elementor-col-100 elementor-top-column elementor-element elementor-element-9797962\" data-id=\"9797962\" data-element_type=\"column\" data-e-type=\"column\">\n\t\t\t<div class=\"elementor-widget-wrap elementor-element-populated\">\n\t\t\t\t\t\t<div class=\"elementor-element elementor-element-7a4a01a custom-bread elementor-widget elementor-widget-wp-widget-bcn_widget\" data-id=\"7a4a01a\" data-element_type=\"widget\" data-e-type=\"widget\" data-widget_type=\"wp-widget-bcn_widget.default\">\n\t\t\t\t<div class=\"elementor-widget-container\">\n\t\t\t\t\t<span property=\"itemListElement\" typeof=\"ListItem\"><a property=\"item\" typeof=\"WebPage\" title=\"Ir a Microbac.\" href=\"https:\/\/www.microbac.cl\/english\" class=\"home\" aria-current=\"page\"><span property=\"name\">Microbac<\/span><\/a><meta property=\"position\" content=\"1\"><\/span>\t\t\t\t<\/div>\n\t\t\t\t<\/div>\n\t\t\t\t\t<\/div>\n\t\t<\/div>\n\t\t\t\t\t<\/div>\n\t\t<\/section>\n\t\t\t\t<section class=\"elementor-section elementor-top-section elementor-element elementor-element-ef8be44 section-contenedor elementor-section-boxed elementor-section-height-default elementor-section-height-default\" data-id=\"ef8be44\" data-element_type=\"section\" data-e-type=\"section\" data-settings=\"{&quot;_ha_eqh_enable&quot;:false}\">\n\t\t\t\t\t\t<div class=\"elementor-container elementor-column-gap-default\">\n\t\t\t\t\t<div class=\"elementor-column elementor-col-50 elementor-top-column elementor-element elementor-element-b3d583b\" data-id=\"b3d583b\" data-element_type=\"column\" data-e-type=\"column\">\n\t\t\t<div class=\"elementor-widget-wrap elementor-element-populated\">\n\t\t\t\t\t\t<div class=\"elementor-element elementor-element-77d67f1 elementor-widget elementor-widget-text-editor\" data-id=\"77d67f1\" data-element_type=\"widget\" data-e-type=\"widget\" data-widget_type=\"text-editor.default\">\n\t\t\t\t<div class=\"elementor-widget-container\">\n\t\t\t\t\t\t\t\t\t<p>Los tests inmunocromatogr\u00e1ficos o muy bien conocidos, como pruebas r\u00e1pidas, son ensayos cualitativos que permiten la detecci\u00f3n de determinados componentes (ant\u00edgeno, anticuerpos, sub unidades, etc) de manera r\u00e1pida y por lo general a trav\u00e9s de una lectura visual.<\/p>\n<p>Estos test se encuentran ampliamente difundidos en los laboratorios cl\u00ednicos de nuestro pa\u00eds, ya que representan una herramienta r\u00e1pida y segura de diagn\u00f3stico, sin la inversi\u00f3n de equipamiento para la obtenci\u00f3n del resultado.<\/p>\n<p>Abbott Point of Care es uno de los l\u00edderes internacionales en la fabricaci\u00f3n y comercializaci\u00f3n de estos productos. Su foco principal ha sido aquellas enfermedades infecciosas\u00a0 de alto impacto mundial como el virus de inmunodeficiencia humana, hepatitis y s\u00edfilis, seguido de un foco en aquellas infecciones del tracto respiratorio cuyos peaks invernales, tales como la influenza, el virus respiratorio sincicial y el Covid-19, complica de sobremanera a los centros asistenciales.<\/p>\n<p>Microbac, como distribuidor de Abbott Point of Care, pone a disposici\u00f3n de nuestros clientes, toda la gama de productos que apuntan a este objetivo, el diagn\u00f3stico r\u00e1pido y preciso de enfermedades infecciosas de alto impacto.<\/p>\n\t\t\t\t\t\t\t\t<\/div>\n\t\t\t\t<\/div>\n\t\t\t\t\t<\/div>\n\t\t<\/div>\n\t\t\t\t<div class=\"elementor-column elementor-col-50 elementor-top-column elementor-element elementor-element-6a451bd\" data-id=\"6a451bd\" data-element_type=\"column\" data-e-type=\"column\">\n\t\t\t<div class=\"elementor-widget-wrap elementor-element-populated\">\n\t\t\t\t\t\t<div class=\"elementor-element elementor-element-eb9b03a premium-woo-product-align-left lista-productos premium-qv-hidden-yes elementor-widget elementor-widget-premium-woo-products\" data-id=\"eb9b03a\" data-element_type=\"widget\" data-e-type=\"widget\" data-widget_type=\"premium-woo-products.grid-1\">\n\t\t\t\t<div class=\"elementor-widget-container\">\n\t\t\t\t\t\t\t<div class=\"premium-woo-empty\">\n\t\t\t<p><\/p>\n\t\t<\/div>\n\t\t\t\t\t\t<\/div>\n\t\t\t\t<\/div>\n\t\t\t\t\t<\/div>\n\t\t<\/div>\n\t\t\t\t\t<\/div>\n\t\t<\/section>\n\t\t\t\t<\/div>\n\t\t","protected":false},"excerpt":{"rendered":"","protected":false},"author":1,"featured_media":0,"parent":0,"menu_order":0,"comment_status":"closed","ping_status":"closed","template":"elementor_header_footer","meta":{"_acf_changed":false,"_uf_show_specific_survey":0,"_uf_disable_surveys":false,"footnotes":""},"class_list":["post-1082","page","type-page","status-publish","hentry"],"acf":[],"aioseo_notices":[],"_links":{"self":[{"href":"https:\/\/www.microbac.cl\/english\/wp-json\/wp\/v2\/pages\/1082","targetHints":{"allow":["GET"]}}],"collection":[{"href":"https:\/\/www.microbac.cl\/english\/wp-json\/wp\/v2\/pages"}],"about":[{"href":"https:\/\/www.microbac.cl\/english\/wp-json\/wp\/v2\/types\/page"}],"author":[{"embeddable":true,"href":"https:\/\/www.microbac.cl\/english\/wp-json\/wp\/v2\/users\/1"}],"replies":[{"embeddable":true,"href":"https:\/\/www.microbac.cl\/english\/wp-json\/wp\/v2\/comments?post=1082"}],"version-history":[{"count":0,"href":"https:\/\/www.microbac.cl\/english\/wp-json\/wp\/v2\/pages\/1082\/revisions"}],"wp:attachment":[{"href":"https:\/\/www.microbac.cl\/english\/wp-json\/wp\/v2\/media?parent=1082"}],"curies":[{"name":"wp","href":"https:\/\/api.w.org\/{rel}","templated":true}]}}