{"id":1092,"date":"2021-12-27T10:23:04","date_gmt":"2021-12-27T10:23:04","guid":{"rendered":"https:\/\/microbac.danielamaissi.tech\/?page_id=1092"},"modified":"2023-09-11T16:37:11","modified_gmt":"2023-09-11T16:37:11","slug":"point-of-care","status":"publish","type":"page","link":"https:\/\/www.microbac.cl\/english\/point-of-care\/","title":{"rendered":"Point of Care"},"content":{"rendered":"\t\t<div data-elementor-type=\"wp-page\" data-elementor-id=\"1092\" class=\"elementor elementor-1092\" data-elementor-settings=\"{&quot;ha_cmc_init_switcher&quot;:&quot;no&quot;}\">\n\t\t\t\t\t\t<section class=\"elementor-section elementor-top-section elementor-element elementor-element-9f05aaa elementor-section-full_width elementor-section-height-min-height section-contenedor elementor-section-height-default elementor-section-items-middle\" data-id=\"9f05aaa\" data-element_type=\"section\" data-e-type=\"section\" data-settings=\"{&quot;background_background&quot;:&quot;classic&quot;,&quot;_ha_eqh_enable&quot;:false}\">\n\t\t\t\t\t\t<div class=\"elementor-container elementor-column-gap-default\">\n\t\t\t\t\t<div class=\"elementor-column elementor-col-100 elementor-top-column elementor-element elementor-element-704c8b8\" data-id=\"704c8b8\" data-element_type=\"column\" data-e-type=\"column\">\n\t\t\t<div class=\"elementor-widget-wrap elementor-element-populated\">\n\t\t\t\t\t\t<section class=\"elementor-section elementor-inner-section elementor-element elementor-element-e6f3f03 elementor-section-boxed elementor-section-height-default elementor-section-height-default\" data-id=\"e6f3f03\" data-element_type=\"section\" data-e-type=\"section\" data-settings=\"{&quot;_ha_eqh_enable&quot;:false}\">\n\t\t\t\t\t\t<div class=\"elementor-container elementor-column-gap-default\">\n\t\t\t\t\t<div class=\"elementor-column elementor-col-100 elementor-inner-column elementor-element elementor-element-a190017\" data-id=\"a190017\" data-element_type=\"column\" data-e-type=\"column\">\n\t\t\t<div class=\"elementor-widget-wrap elementor-element-populated\">\n\t\t\t\t\t\t<div class=\"elementor-element elementor-element-45f12da elementor-widget elementor-widget-heading\" data-id=\"45f12da\" data-element_type=\"widget\" data-e-type=\"widget\" data-widget_type=\"heading.default\">\n\t\t\t\t<div class=\"elementor-widget-container\">\n\t\t\t\t\t<h2 class=\"elementor-heading-title elementor-size-default\">Point of Care<\/h2>\t\t\t\t<\/div>\n\t\t\t\t<\/div>\n\t\t\t\t\t<\/div>\n\t\t<\/div>\n\t\t\t\t\t<\/div>\n\t\t<\/section>\n\t\t\t\t\t<\/div>\n\t\t<\/div>\n\t\t\t\t\t<\/div>\n\t\t<\/section>\n\t\t\t\t<section class=\"elementor-section elementor-top-section elementor-element elementor-element-f805715 section-contenedor elementor-section-boxed elementor-section-height-default elementor-section-height-default\" data-id=\"f805715\" data-element_type=\"section\" data-e-type=\"section\" data-settings=\"{&quot;_ha_eqh_enable&quot;:false}\">\n\t\t\t\t\t\t<div class=\"elementor-container elementor-column-gap-default\">\n\t\t\t\t\t<div class=\"elementor-column elementor-col-100 elementor-top-column elementor-element elementor-element-9797962\" data-id=\"9797962\" data-element_type=\"column\" data-e-type=\"column\">\n\t\t\t<div class=\"elementor-widget-wrap elementor-element-populated\">\n\t\t\t\t\t\t<div class=\"elementor-element elementor-element-7a4a01a custom-bread elementor-widget elementor-widget-wp-widget-bcn_widget\" data-id=\"7a4a01a\" data-element_type=\"widget\" data-e-type=\"widget\" data-widget_type=\"wp-widget-bcn_widget.default\">\n\t\t\t\t<div class=\"elementor-widget-container\">\n\t\t\t\t\t<span property=\"itemListElement\" typeof=\"ListItem\"><a property=\"item\" typeof=\"WebPage\" title=\"Ir a Microbac.\" href=\"https:\/\/www.microbac.cl\/english\" class=\"home\" aria-current=\"page\"><span property=\"name\">Microbac<\/span><\/a><meta property=\"position\" content=\"1\"><\/span>\t\t\t\t<\/div>\n\t\t\t\t<\/div>\n\t\t\t\t\t<\/div>\n\t\t<\/div>\n\t\t\t\t\t<\/div>\n\t\t<\/section>\n\t\t\t\t<section class=\"elementor-section elementor-top-section elementor-element elementor-element-ef8be44 section-contenedor elementor-section-boxed elementor-section-height-default elementor-section-height-default\" data-id=\"ef8be44\" data-element_type=\"section\" data-e-type=\"section\" data-settings=\"{&quot;_ha_eqh_enable&quot;:false}\">\n\t\t\t\t\t\t<div class=\"elementor-container elementor-column-gap-default\">\n\t\t\t\t\t<div class=\"elementor-column elementor-col-50 elementor-top-column elementor-element elementor-element-b3d583b\" data-id=\"b3d583b\" data-element_type=\"column\" data-e-type=\"column\">\n\t\t\t<div class=\"elementor-widget-wrap elementor-element-populated\">\n\t\t\t\t\t\t<div class=\"elementor-element elementor-element-77d67f1 elementor-widget elementor-widget-text-editor\" data-id=\"77d67f1\" data-element_type=\"widget\" data-e-type=\"widget\" data-widget_type=\"text-editor.default\">\n\t\t\t\t<div class=\"elementor-widget-container\">\n\t\t\t\t\t\t\t\t\t<p>El uso de pruebas de diagn\u00f3stico en el punto de atenci\u00f3n (Point-of-Care Testing) se define como la pr\u00e1ctica de realizar ensayos a partir de espec\u00edmenes cl\u00ednicos al lado de o cerca del paciente, bajo la premisa que los resultados de las pruebas estar\u00e1n disponibles de inmediato, o dentro de un per\u00edodo de tiempo muy breve (usualmente minutos), con el objetivo de proveer informaci\u00f3n \u00fatil al personal de salud en la toma de decisiones referentes al diagn\u00f3stico y tratamiento.<\/p>\n<p>Dentro del mercado global de pruebas de laboratorio in vitro, el segmento de Point of Care es el que m\u00e1s r\u00e1pido crecimiento ha experimentado en la \u00faltima d\u00e9cada, el \u00e1rea de pruebas de enfermedades infecciosas es la que m\u00e1s crece en este tipo de pruebas. Con el objetivo de diagnosticar infecciones r\u00e1pidamente, estas son capaces de determinar el tratamiento oportuno, limitar la propagaci\u00f3n de los agentes y retardar o prevenir brotes.<\/p>\n\t\t\t\t\t\t\t\t<\/div>\n\t\t\t\t<\/div>\n\t\t\t\t\t<\/div>\n\t\t<\/div>\n\t\t\t\t<div class=\"elementor-column elementor-col-50 elementor-top-column elementor-element elementor-element-6a451bd\" data-id=\"6a451bd\" data-element_type=\"column\" data-e-type=\"column\">\n\t\t\t<div class=\"elementor-widget-wrap elementor-element-populated\">\n\t\t\t\t\t\t<div class=\"elementor-element elementor-element-eb9b03a premium-woo-product-align-left lista-productos premium-qv-hidden-yes elementor-widget elementor-widget-premium-woo-products\" data-id=\"eb9b03a\" data-element_type=\"widget\" data-e-type=\"widget\" data-widget_type=\"premium-woo-products.grid-1\">\n\t\t\t\t<div class=\"elementor-widget-container\">\n\t\t\t\t\t<div class=\"premium-woocommerce premium-woo-products-grid premium-woo-skin-grid-1 premium-woo-query-custom\" data-page-id=\"1092\" data-skin=\"grid_1\" data-quick-view=\"\"><div class=\"premium-woo-products-inner premium-woo-product__hover-swap\"><ul class=\"products columns-1\">\n\n<li class=\" post-3303 product first instock shipping-taxable product-type-simple\">\n\t<div class=\"premium-woo-product-wrapper premium-con-lq__none\">\n\t\t<div class=\"premium-woo-product-thumbnail\"><a href=\"https:\/\/www.microbac.cl\/english\/producto\/covid-19-antigeno-en\/\" class=\"woocommerce-LoopProduct-link woocommerce-loop-product__link\"><\/a><\/div><div class=\"premium-woo-products-details-wrap\"><a href=\"https:\/\/www.microbac.cl\/english\/producto\/covid-19-antigeno-en\/\" class=\"premium-woo-product__link\"><h2 class=\"woocommerce-loop-product__title\">COVID-19 Antigen<\/h2><\/a><\/div>\t<\/div>\n<\/li>\n\n<li class=\" post-3304 product first instock shipping-taxable product-type-simple\">\n\t<div class=\"premium-woo-product-wrapper premium-con-lq__none\">\n\t\t<div class=\"premium-woo-product-thumbnail\"><a href=\"https:\/\/www.microbac.cl\/english\/producto\/malaria-en\/\" class=\"woocommerce-LoopProduct-link woocommerce-loop-product__link\"><\/a><\/div><div class=\"premium-woo-products-details-wrap\"><a href=\"https:\/\/www.microbac.cl\/english\/producto\/malaria-en\/\" class=\"premium-woo-product__link\"><h2 class=\"woocommerce-loop-product__title\">Malaria<\/h2><\/a><\/div>\t<\/div>\n<\/li>\n\n<li class=\" post-3305 product first instock shipping-taxable product-type-simple\">\n\t<div class=\"premium-woo-product-wrapper premium-con-lq__none\">\n\t\t<div class=\"premium-woo-product-thumbnail\"><a href=\"https:\/\/www.microbac.cl\/english\/producto\/streptococcus-pneumoniae-en\/\" class=\"woocommerce-LoopProduct-link woocommerce-loop-product__link\"><\/a><\/div><div class=\"premium-woo-products-details-wrap\"><a href=\"https:\/\/www.microbac.cl\/english\/producto\/streptococcus-pneumoniae-en\/\" class=\"premium-woo-product__link\"><h2 class=\"woocommerce-loop-product__title\">Streptococcus pneumoniae<\/h2><\/a><\/div>\t<\/div>\n<\/li>\n\n<li class=\" post-3307 product first instock shipping-taxable product-type-simple\">\n\t<div class=\"premium-woo-product-wrapper premium-con-lq__none\">\n\t\t<div class=\"premium-woo-product-thumbnail\"><a href=\"https:\/\/www.microbac.cl\/english\/producto\/legionella-en\/\" class=\"woocommerce-LoopProduct-link woocommerce-loop-product__link\"><\/a><\/div><div class=\"premium-woo-products-details-wrap\"><a href=\"https:\/\/www.microbac.cl\/english\/producto\/legionella-en\/\" class=\"premium-woo-product__link\"><h2 class=\"woocommerce-loop-product__title\">Legionella<\/h2><\/a><\/div>\t<\/div>\n<\/li>\n\n<li class=\" post-3309 product first instock shipping-taxable product-type-simple\">\n\t<div class=\"premium-woo-product-wrapper premium-con-lq__none\">\n\t\t<div class=\"premium-woo-product-thumbnail\"><a href=\"https:\/\/www.microbac.cl\/english\/producto\/vrs-en\/\" class=\"woocommerce-LoopProduct-link woocommerce-loop-product__link\"><\/a><\/div><div class=\"premium-woo-products-details-wrap\"><a href=\"https:\/\/www.microbac.cl\/english\/producto\/vrs-en\/\" class=\"premium-woo-product__link\"><h2 class=\"woocommerce-loop-product__title\">VRS<\/h2><\/a><\/div>\t<\/div>\n<\/li>\n\n<li class=\" post-3310 product first instock shipping-taxable product-type-simple\">\n\t<div class=\"premium-woo-product-wrapper premium-con-lq__none\">\n\t\t<div class=\"premium-woo-product-thumbnail\"><a href=\"https:\/\/www.microbac.cl\/english\/producto\/influenza-ab-en\/\" class=\"woocommerce-LoopProduct-link woocommerce-loop-product__link\"><\/a><\/div><div class=\"premium-woo-products-details-wrap\"><a href=\"https:\/\/www.microbac.cl\/english\/producto\/influenza-ab-en\/\" class=\"premium-woo-product__link\"><h2 class=\"woocommerce-loop-product__title\">Influenza A&#038;B<\/h2><\/a><\/div>\t<\/div>\n<\/li>\n\n<li class=\" post-3311 product first instock shipping-taxable product-type-simple\">\n\t<div class=\"premium-woo-product-wrapper premium-con-lq__none\">\n\t\t<div class=\"premium-woo-product-thumbnail\"><a href=\"https:\/\/www.microbac.cl\/english\/producto\/sifilis-en\/\" class=\"woocommerce-LoopProduct-link woocommerce-loop-product__link\"><\/a><\/div><div class=\"premium-woo-products-details-wrap\"><a href=\"https:\/\/www.microbac.cl\/english\/producto\/sifilis-en\/\" class=\"premium-woo-product__link\"><h2 class=\"woocommerce-loop-product__title\">S\u00edfilis<\/h2><\/a><\/div>\t<\/div>\n<\/li>\n\n<li class=\" post-3312 product first instock shipping-taxable product-type-simple\">\n\t<div class=\"premium-woo-product-wrapper premium-con-lq__none\">\n\t\t<div class=\"premium-woo-product-thumbnail\"><a href=\"https:\/\/www.microbac.cl\/english\/producto\/hbsag-en\/\" class=\"woocommerce-LoopProduct-link woocommerce-loop-product__link\"><\/a><\/div><div class=\"premium-woo-products-details-wrap\"><a href=\"https:\/\/www.microbac.cl\/english\/producto\/hbsag-en\/\" class=\"premium-woo-product__link\"><h2 class=\"woocommerce-loop-product__title\">HBsAg<\/h2><\/a><\/div>\t<\/div>\n<\/li>\n\n<li class=\" post-3313 product first instock shipping-taxable product-type-simple\">\n\t<div class=\"premium-woo-product-wrapper premium-con-lq__none\">\n\t\t<div class=\"premium-woo-product-thumbnail\"><a href=\"https:\/\/www.microbac.cl\/english\/producto\/hiv-en\/\" class=\"woocommerce-LoopProduct-link woocommerce-loop-product__link\"><\/a><\/div><div class=\"premium-woo-products-details-wrap\"><a href=\"https:\/\/www.microbac.cl\/english\/producto\/hiv-en\/\" class=\"premium-woo-product__link\"><h2 class=\"woocommerce-loop-product__title\">HIV<\/h2><\/a><\/div>\t<\/div>\n<\/li>\n\n<li class=\" post-3314 product first instock shipping-taxable product-type-simple\">\n\t<div class=\"premium-woo-product-wrapper premium-con-lq__none\">\n\t\t<div class=\"premium-woo-product-thumbnail\"><a href=\"https:\/\/www.microbac.cl\/english\/producto\/id-now-en\/\" class=\"woocommerce-LoopProduct-link woocommerce-loop-product__link\"><\/a><\/div><div class=\"premium-woo-products-details-wrap\"><a href=\"https:\/\/www.microbac.cl\/english\/producto\/id-now-en\/\" class=\"premium-woo-product__link\"><h2 class=\"woocommerce-loop-product__title\">ID NOW\u2122<\/h2><\/a><\/div>\t<\/div>\n<\/li>\n<\/ul>\n<\/div><\/div>\t\t\t\t<\/div>\n\t\t\t\t<\/div>\n\t\t\t\t\t<\/div>\n\t\t<\/div>\n\t\t\t\t\t<\/div>\n\t\t<\/section>\n\t\t\t\t<\/div>\n\t\t","protected":false},"excerpt":{"rendered":"","protected":false},"author":1,"featured_media":0,"parent":0,"menu_order":0,"comment_status":"closed","ping_status":"closed","template":"elementor_header_footer","meta":{"_acf_changed":false,"_uf_show_specific_survey":0,"_uf_disable_surveys":false,"footnotes":""},"class_list":["post-1092","page","type-page","status-publish","hentry"],"acf":[],"aioseo_notices":[],"_links":{"self":[{"href":"https:\/\/www.microbac.cl\/english\/wp-json\/wp\/v2\/pages\/1092","targetHints":{"allow":["GET"]}}],"collection":[{"href":"https:\/\/www.microbac.cl\/english\/wp-json\/wp\/v2\/pages"}],"about":[{"href":"https:\/\/www.microbac.cl\/english\/wp-json\/wp\/v2\/types\/page"}],"author":[{"embeddable":true,"href":"https:\/\/www.microbac.cl\/english\/wp-json\/wp\/v2\/users\/1"}],"replies":[{"embeddable":true,"href":"https:\/\/www.microbac.cl\/english\/wp-json\/wp\/v2\/comments?post=1092"}],"version-history":[{"count":0,"href":"https:\/\/www.microbac.cl\/english\/wp-json\/wp\/v2\/pages\/1092\/revisions"}],"wp:attachment":[{"href":"https:\/\/www.microbac.cl\/english\/wp-json\/wp\/v2\/media?parent=1092"}],"curies":[{"name":"wp","href":"https:\/\/api.w.org\/{rel}","templated":true}]}}