{"id":1806,"date":"2022-09-08T15:37:16","date_gmt":"2022-09-08T15:37:16","guid":{"rendered":"https:\/\/test.microbac.cl\/english\/?page_id=1806"},"modified":"2022-09-08T15:48:48","modified_gmt":"2022-09-08T15:48:48","slug":"pruebas-inmunoquimicas","status":"publish","type":"page","link":"https:\/\/www.microbac.cl\/english\/pruebas-inmunoquimicas\/","title":{"rendered":"Pruebas Inmunoqu\u00edmicas"},"content":{"rendered":"\t\t<div data-elementor-type=\"wp-page\" data-elementor-id=\"1806\" class=\"elementor elementor-1806\" data-elementor-settings=\"{&quot;ha_cmc_init_switcher&quot;:&quot;no&quot;}\">\n\t\t\t\t\t\t<section class=\"elementor-section elementor-top-section elementor-element elementor-element-9f05aaa elementor-section-full_width elementor-section-height-min-height section-contenedor elementor-section-height-default elementor-section-items-middle\" data-id=\"9f05aaa\" data-element_type=\"section\" data-e-type=\"section\" data-settings=\"{&quot;background_background&quot;:&quot;classic&quot;,&quot;_ha_eqh_enable&quot;:false}\">\n\t\t\t\t\t\t<div class=\"elementor-container elementor-column-gap-default\">\n\t\t\t\t\t<div class=\"elementor-column elementor-col-100 elementor-top-column elementor-element elementor-element-704c8b8\" data-id=\"704c8b8\" data-element_type=\"column\" data-e-type=\"column\">\n\t\t\t<div class=\"elementor-widget-wrap elementor-element-populated\">\n\t\t\t\t\t\t<section class=\"elementor-section elementor-inner-section elementor-element elementor-element-e6f3f03 elementor-section-boxed elementor-section-height-default elementor-section-height-default\" data-id=\"e6f3f03\" data-element_type=\"section\" data-e-type=\"section\" data-settings=\"{&quot;_ha_eqh_enable&quot;:false}\">\n\t\t\t\t\t\t<div class=\"elementor-container elementor-column-gap-default\">\n\t\t\t\t\t<div class=\"elementor-column elementor-col-100 elementor-inner-column elementor-element elementor-element-a190017\" data-id=\"a190017\" data-element_type=\"column\" data-e-type=\"column\">\n\t\t\t<div class=\"elementor-widget-wrap elementor-element-populated\">\n\t\t\t\t\t\t<div class=\"elementor-element elementor-element-45f12da elementor-widget elementor-widget-heading\" data-id=\"45f12da\" data-element_type=\"widget\" data-e-type=\"widget\" data-widget_type=\"heading.default\">\n\t\t\t\t<div class=\"elementor-widget-container\">\n\t\t\t\t\t<h2 class=\"elementor-heading-title elementor-size-default\">Pruebas Inmunoqu\u00edmicas<\/h2>\t\t\t\t<\/div>\n\t\t\t\t<\/div>\n\t\t\t\t\t<\/div>\n\t\t<\/div>\n\t\t\t\t\t<\/div>\n\t\t<\/section>\n\t\t\t\t\t<\/div>\n\t\t<\/div>\n\t\t\t\t\t<\/div>\n\t\t<\/section>\n\t\t\t\t<section class=\"elementor-section elementor-top-section elementor-element elementor-element-f805715 section-contenedor elementor-section-boxed elementor-section-height-default elementor-section-height-default\" data-id=\"f805715\" data-element_type=\"section\" data-e-type=\"section\" data-settings=\"{&quot;_ha_eqh_enable&quot;:false}\">\n\t\t\t\t\t\t<div class=\"elementor-container elementor-column-gap-default\">\n\t\t\t\t\t<div class=\"elementor-column elementor-col-100 elementor-top-column elementor-element elementor-element-9797962\" data-id=\"9797962\" data-element_type=\"column\" data-e-type=\"column\">\n\t\t\t<div class=\"elementor-widget-wrap elementor-element-populated\">\n\t\t\t\t\t\t<div class=\"elementor-element elementor-element-7a4a01a custom-bread elementor-widget elementor-widget-wp-widget-bcn_widget\" data-id=\"7a4a01a\" data-element_type=\"widget\" data-e-type=\"widget\" data-widget_type=\"wp-widget-bcn_widget.default\">\n\t\t\t\t<div class=\"elementor-widget-container\">\n\t\t\t\t\t<span property=\"itemListElement\" typeof=\"ListItem\"><a property=\"item\" typeof=\"WebPage\" title=\"Ir a Microbac.\" href=\"https:\/\/www.microbac.cl\/english\" class=\"home\" aria-current=\"page\"><span property=\"name\">Microbac<\/span><\/a><meta property=\"position\" content=\"1\"><\/span>\t\t\t\t<\/div>\n\t\t\t\t<\/div>\n\t\t\t\t\t<\/div>\n\t\t<\/div>\n\t\t\t\t\t<\/div>\n\t\t<\/section>\n\t\t\t\t<section class=\"elementor-section elementor-top-section elementor-element elementor-element-ef8be44 section-contenedor elementor-section-boxed elementor-section-height-default elementor-section-height-default\" data-id=\"ef8be44\" data-element_type=\"section\" data-e-type=\"section\" data-settings=\"{&quot;_ha_eqh_enable&quot;:false}\">\n\t\t\t\t\t\t<div class=\"elementor-container elementor-column-gap-default\">\n\t\t\t\t\t<div class=\"elementor-column elementor-col-50 elementor-top-column elementor-element elementor-element-b3d583b\" data-id=\"b3d583b\" data-element_type=\"column\" data-e-type=\"column\">\n\t\t\t<div class=\"elementor-widget-wrap elementor-element-populated\">\n\t\t\t\t\t\t<div class=\"elementor-element elementor-element-77d67f1 elementor-widget elementor-widget-text-editor\" data-id=\"77d67f1\" data-element_type=\"widget\" data-e-type=\"widget\" data-widget_type=\"text-editor.default\">\n\t\t\t\t<div class=\"elementor-widget-container\">\n\t\t\t\t\t\t\t\t\t<p>Una Prueba Inmunoqu\u00edmica es una prueba de laboratorio que detecta la presencia de una sustancia &#8211; o determina en qu\u00e9 cantidad est\u00e1 presente &#8211; en muestras corporales, utilizando para ello una reacci\u00f3n inmunol\u00f3gica de presencia de ant\u00edgeno (prote\u00edna o un polisac\u00e1rido), que pone en marcha la formaci\u00f3n de un anticuerpo (prote\u00edna) y que puede dar lugar a una respuesta inmunitaria.\u00a0<\/p><p>Este tipo de an\u00e1lisis tienen una elevada sensibilidad y especificidad, siendo el m\u00e9todo m\u00e1s indicado para medir sustancias (analitos) que habitualmente est\u00e1n presentes en nuestro organismo en concentraciones tan sumamente bajas que no se pueden medir con precisi\u00f3n mediante otros tipos de an\u00e1lisis.<\/p><p>Para los casos de la determinaci\u00f3n de las concentraciones de detecci\u00f3n de metabolitos cuya presencia o exceso en la heces fecales son indicadoras de problemas fisiol\u00f3gicos (Calprotectina y Sangre Oculta en Heces FOB), Microbac presenta la alternativa de un sistema automatizado de detecci\u00f3n Inmunoqu\u00edmica.<\/p>\t\t\t\t\t\t\t\t<\/div>\n\t\t\t\t<\/div>\n\t\t\t\t\t<\/div>\n\t\t<\/div>\n\t\t\t\t<div class=\"elementor-column elementor-col-50 elementor-top-column elementor-element elementor-element-6a451bd\" data-id=\"6a451bd\" data-element_type=\"column\" data-e-type=\"column\">\n\t\t\t<div class=\"elementor-widget-wrap elementor-element-populated\">\n\t\t\t\t\t\t<div class=\"elementor-element elementor-element-d82ba21 premium-woo-product-align-left premium-qv-hidden-yes elementor-widget elementor-widget-premium-woo-products\" data-id=\"d82ba21\" data-element_type=\"widget\" data-e-type=\"widget\" data-widget_type=\"premium-woo-products.grid-1\">\n\t\t\t\t<div class=\"elementor-widget-container\">\n\t\t\t\t\t<div class=\"premium-woocommerce premium-woo-products-grid premium-woo-skin-grid-1 premium-woo-query-custom\" data-page-id=\"1806\" data-skin=\"grid_1\" data-quick-view=\"\"><div class=\"premium-woo-products-inner premium-woo-product__hover-swap\"><ul class=\"products columns-1\">\n\n<li class=\" post-3297 product first instock shipping-taxable product-type-simple\">\n\t<div class=\"premium-woo-product-wrapper premium-con-lq__none\">\n\t\t<div class=\"premium-woo-product-thumbnail\"><a href=\"https:\/\/www.microbac.cl\/english\/producto\/sentifob-analyzer-en\/\" class=\"woocommerce-LoopProduct-link woocommerce-loop-product__link\"><\/a><\/div><div class=\"premium-woo-products-details-wrap\"><a href=\"https:\/\/www.microbac.cl\/english\/producto\/sentifob-analyzer-en\/\" class=\"premium-woo-product__link\"><h2 class=\"woocommerce-loop-product__title\">SENTiFOB\u00ae Analyzer<\/h2><\/a><\/div>\t<\/div>\n<\/li>\n<\/ul>\n<\/div><\/div>\t\t\t\t<\/div>\n\t\t\t\t<\/div>\n\t\t\t\t\t<\/div>\n\t\t<\/div>\n\t\t\t\t\t<\/div>\n\t\t<\/section>\n\t\t\t\t<\/div>\n\t\t","protected":false},"excerpt":{"rendered":"<p>Pruebas Inmunoqu\u00edmicas Una Prueba Inmunoqu\u00edmica es una prueba de laboratorio que detecta la presencia de una sustancia &#8211; o determina en qu\u00e9 cantidad est\u00e1 presente &#8211; en muestras corporales, utilizando para ello una reacci\u00f3n inmunol\u00f3gica de presencia de ant\u00edgeno (prote\u00edna o un polisac\u00e1rido), que pone en marcha la formaci\u00f3n de un anticuerpo (prote\u00edna) y que [&hellip;]<\/p>\n","protected":false},"author":1,"featured_media":0,"parent":0,"menu_order":0,"comment_status":"closed","ping_status":"closed","template":"elementor_header_footer","meta":{"_acf_changed":false,"_uf_show_specific_survey":0,"_uf_disable_surveys":false,"footnotes":""},"class_list":["post-1806","page","type-page","status-publish","hentry"],"acf":[],"aioseo_notices":[],"_links":{"self":[{"href":"https:\/\/www.microbac.cl\/english\/wp-json\/wp\/v2\/pages\/1806","targetHints":{"allow":["GET"]}}],"collection":[{"href":"https:\/\/www.microbac.cl\/english\/wp-json\/wp\/v2\/pages"}],"about":[{"href":"https:\/\/www.microbac.cl\/english\/wp-json\/wp\/v2\/types\/page"}],"author":[{"embeddable":true,"href":"https:\/\/www.microbac.cl\/english\/wp-json\/wp\/v2\/users\/1"}],"replies":[{"embeddable":true,"href":"https:\/\/www.microbac.cl\/english\/wp-json\/wp\/v2\/comments?post=1806"}],"version-history":[{"count":0,"href":"https:\/\/www.microbac.cl\/english\/wp-json\/wp\/v2\/pages\/1806\/revisions"}],"wp:attachment":[{"href":"https:\/\/www.microbac.cl\/english\/wp-json\/wp\/v2\/media?parent=1806"}],"curies":[{"name":"wp","href":"https:\/\/api.w.org\/{rel}","templated":true}]}}